{"id":42,"date":"2022-08-02T12:53:21","date_gmt":"2022-08-02T12:53:21","guid":{"rendered":"https:\/\/www.mokymuspektras.lt\/?page_id=42"},"modified":"2024-03-19T06:34:22","modified_gmt":"2024-03-19T06:34:22","slug":"kontaktai","status":"publish","type":"page","link":"https:\/\/www.mokymuspektras.lt\/?page_id=42","title":{"rendered":"Kontaktai"},"content":{"rendered":"\n<p>UAB \u201eMOKYM\u0172 SPEKTRAS\u201c<\/p>\n\n\n\n<p>Registracijos adresas: Ulon\u0173 g. 3, LT-08223 Vilnius<\/p>\n\n\n\n<p>\u012emon\u0117s kodas: 302650590<\/p>\n\n\n\n<p>PVM mok\u0117tojo kodas: LT100010188119<\/p>\n\n\n\n<p>Mob.: +370675 36 380<\/p>\n\n\n\n<p>El.pa\u0161tas: Mokymu.spektras@gmail.com<\/p>\n\n\n\n<p>A\/S LT48 7044 0600 0771 8979<\/p>\n\n\n\n<p>AB SEB bankas, banko kodas: 70440<\/p>\n","protected":false},"excerpt":{"rendered":"<p>UAB \u201eMOKYM\u0172 SPEKTRAS\u201c Registracijos adresas: Ulon\u0173 g. 3, LT-08223 Vilnius \u012emon\u0117s kodas: 302650590 PVM mok\u0117tojo kodas: LT100010188119 Mob.: +370675 36 380 El.pa\u0161tas: Mokymu.spektras@gmail.com A\/S LT48 7044 0600 0771 8979 AB SEB bankas, banko kodas: 70440<\/p>\n","protected":false},"author":1,"featured_media":0,"parent":0,"menu_order":0,"comment_status":"closed","ping_status":"closed","template":"templates\/no-sidebar.php","meta":{"footnotes":""},"class_list":["post-42","page","type-page","status-publish","hentry"],"_links":{"self":[{"href":"https:\/\/www.mokymuspektras.lt\/index.php?rest_route=\/wp\/v2\/pages\/42","targetHints":{"allow":["GET"]}}],"collection":[{"href":"https:\/\/www.mokymuspektras.lt\/index.php?rest_route=\/wp\/v2\/pages"}],"about":[{"href":"https:\/\/www.mokymuspektras.lt\/index.php?rest_route=\/wp\/v2\/types\/page"}],"author":[{"embeddable":true,"href":"https:\/\/www.mokymuspektras.lt\/index.php?rest_route=\/wp\/v2\/users\/1"}],"replies":[{"embeddable":true,"href":"https:\/\/www.mokymuspektras.lt\/index.php?rest_route=%2Fwp%2Fv2%2Fcomments&post=42"}],"version-history":[{"count":3,"href":"https:\/\/www.mokymuspektras.lt\/index.php?rest_route=\/wp\/v2\/pages\/42\/revisions"}],"predecessor-version":[{"id":91,"href":"https:\/\/www.mokymuspektras.lt\/index.php?rest_route=\/wp\/v2\/pages\/42\/revisions\/91"}],"wp:attachment":[{"href":"https:\/\/www.mokymuspektras.lt\/index.php?rest_route=%2Fwp%2Fv2%2Fmedia&parent=42"}],"curies":[{"name":"wp","href":"https:\/\/api.w.org\/{rel}","templated":true}]}}