{"id":36,"date":"2022-08-02T12:47:31","date_gmt":"2022-08-02T12:47:31","guid":{"rendered":"https:\/\/www.mokymuspektras.lt\/?page_id=36"},"modified":"2024-03-19T06:32:40","modified_gmt":"2024-03-19T06:32:40","slug":"apie","status":"publish","type":"page","link":"https:\/\/www.mokymuspektras.lt\/","title":{"rendered":"Apie mus"},"content":{"rendered":"\n<p>UAB \u201eMOKYM\u0172 SPEKTRAS\u201c \u2013 \u012fmon\u0117 , \u012fsteigta 2011 m. liepos m\u0117n. Bendrov\u0117 vykdo \u0161i\u0105 veikl\u0105:<\/p>\n\n\n\n<ul class=\"wp-block-list\">\n<li>Verslo konsultacijos (\u012fskaitant konsultacijas, susijusias su vadybos sistem\u0173, atitinkan\u010di\u0173 ISO standart\u0173 reikalavimus, parengimu sertifikavimui);<\/li>\n\n\n\n<li>Mokes\u010di\u0173 konsultacijos;<\/li>\n\n\n\n<li>Internetin\u0117s rinkodaros bei interneto svetaini\u0173 optimizavimo paie\u0161kos sistemoms paslaug\u0173 teikimas;<\/li>\n\n\n\n<li>Mokym\u0173 verslui organizavimas;<\/li>\n\n\n\n<li>Kitos paslaugos.<\/li>\n<\/ul>\n\n\n\n<p>Nuo pat veiklos prad\u017eios \u012emon\u0117 ypating\u0105 d\u0117mes\u012f skyr\u0117 nauj\u0173 darbo viet\u0173 ne\u012fgaliesiems suk\u016brimui ir i\u0161saugojimui, ne\u012fgali\u0173j\u0173 socialinei integracijai, klient\u0173 poreiki\u0173 ir rinkos tendencij\u0173 analizei, numatom\u0173 teikti paslaug\u0173 kokybei bei aptarnavimo lankstumui.<\/p>\n","protected":false},"excerpt":{"rendered":"<p>UAB \u201eMOKYM\u0172 SPEKTRAS\u201c \u2013 \u012fmon\u0117 , \u012fsteigta 2011 m. liepos m\u0117n. Bendrov\u0117 vykdo \u0161i\u0105 veikl\u0105: Nuo pat veiklos prad\u017eios \u012emon\u0117 ypating\u0105 d\u0117mes\u012f skyr\u0117 nauj\u0173 darbo viet\u0173 ne\u012fgaliesiems suk\u016brimui ir i\u0161saugojimui, ne\u012fgali\u0173j\u0173 socialinei integracijai, klient\u0173 poreiki\u0173 ir rinkos tendencij\u0173 analizei, numatom\u0173 teikti paslaug\u0173 kokybei bei aptarnavimo lankstumui.<\/p>\n","protected":false},"author":1,"featured_media":0,"parent":0,"menu_order":0,"comment_status":"closed","ping_status":"closed","template":"","meta":{"footnotes":""},"class_list":["post-36","page","type-page","status-publish","hentry"],"_links":{"self":[{"href":"https:\/\/www.mokymuspektras.lt\/index.php?rest_route=\/wp\/v2\/pages\/36","targetHints":{"allow":["GET"]}}],"collection":[{"href":"https:\/\/www.mokymuspektras.lt\/index.php?rest_route=\/wp\/v2\/pages"}],"about":[{"href":"https:\/\/www.mokymuspektras.lt\/index.php?rest_route=\/wp\/v2\/types\/page"}],"author":[{"embeddable":true,"href":"https:\/\/www.mokymuspektras.lt\/index.php?rest_route=\/wp\/v2\/users\/1"}],"replies":[{"embeddable":true,"href":"https:\/\/www.mokymuspektras.lt\/index.php?rest_route=%2Fwp%2Fv2%2Fcomments&post=36"}],"version-history":[{"count":5,"href":"https:\/\/www.mokymuspektras.lt\/index.php?rest_route=\/wp\/v2\/pages\/36\/revisions"}],"predecessor-version":[{"id":90,"href":"https:\/\/www.mokymuspektras.lt\/index.php?rest_route=\/wp\/v2\/pages\/36\/revisions\/90"}],"wp:attachment":[{"href":"https:\/\/www.mokymuspektras.lt\/index.php?rest_route=%2Fwp%2Fv2%2Fmedia&parent=36"}],"curies":[{"name":"wp","href":"https:\/\/api.w.org\/{rel}","templated":true}]}}